
{"id":64,"date":"2018-09-19T21:53:36","date_gmt":"2018-09-19T19:53:36","guid":{"rendered":"https:\/\/rotalsele.com\/?page_id=64"},"modified":"2021-02-23T22:22:39","modified_gmt":"2021-02-23T21:22:39","slug":"chi-siamo","status":"publish","type":"page","link":"https:\/\/rotalsele.com\/fr\/chi-siamo\/","title":{"rendered":"Pr\u00e9sentation"},"content":{"rendered":"<div class=\"wpb-content-wrapper\"><div class=\"vc_row wpb_row vc_row-fluid ts-row-wide\"  ><div class=\"wpb_column vc_column_container vc_col-sm-12\">\n\t<div class=\"wpb_wrapper\">\n\t<h1 style=\"color: #1e73be;text-align: center\" class=\"vc_custom_heading vc_do_custom_heading\" >Pr\u00e9sentation<\/h1>\n\t<div class=\"wpb_text_column wpb_content_element wpb_animate_when_almost_visible wpb_fadeIn fadeIn\" >\n\t\t<div class=\"wpb_wrapper\">\n\t\t\t<h2 style=\"text-align: center;\">Depuis plus de 50 ans <strong>Rotalsele S.r.l.<\/strong> est pr\u00e9sente sur le march\u00e9 du souvenir touristique.<\/h2>\n\n\t\t<\/div>\n\t<\/div>\n<div class=\"vc_separator wpb_content_element vc_separator_align_center vc_sep_width_100 vc_sep_pos_align_center vc_separator_no_text vc_sep_color_grey wpb_content_element  wpb_content_element\" ><span class=\"vc_sep_holder vc_sep_holder_l\"><span class=\"vc_sep_line\"><\/span><\/span><span class=\"vc_sep_holder vc_sep_holder_r\"><span class=\"vc_sep_line\"><\/span><\/span>\n<\/div>\n\t<div class=\"wpb_text_column wpb_content_element wpb_animate_when_almost_visible wpb_fadeIn fadeIn\" >\n\t\t<div class=\"wpb_wrapper\">\n\t\t\t<p style=\"text-align: justify;\"><span style=\"font-size: 18pt;\">Elle est n\u00e9e comme une entreprise de pr\u00e9presse et d'impression sp\u00e9cialis\u00e9e dans la production de <em>Cartes Postales<\/em>,<em> Calendriers<\/em>, <em>cartes \u00e0 <img loading=\"lazy\" decoding=\"async\" class=\"size-medium wp-image-3331 alignleft\" src=\"https:\/\/rotalsele.com\/rswp\/wp-content\/uploads\/2020\/04\/RotalSele_Sede_Milano-300x225.jpg\" alt=\"RotalSele Sede Milano\" width=\"300\" height=\"225\" srcset=\"\" sizes=\"auto, (max-width: 300px) 100vw, 300px\" data-srcset=\"\" \/>jouer<\/em>, <em>cartes<\/em>, <strong><em>guides et \u00e9ditions touristiques<\/em><\/strong> de toutes sortes. Au fil des ann\u00e9es, <span style=\"color: #1e73be;\"><strong>Rotalsele S.r.l.<\/strong><\/span> s'est impos\u00e9e sur le march\u00e9 gr\u00e2ce \u00e0 la qualit\u00e9 des produits <strong>Rotalsele S.r.l.<\/strong> et \u00e0 l'attention aux besoins des clients en croissance et a \u00e9largi son offre en incluant une large gamme d'articles de production directe et d\u2019importation.<br \/>\n<strong>Rotalsele S.r.l.<\/strong> s'est toujours distingu\u00e9e non seulement pour ses comp\u00e9tences graphiques cr\u00e9atives et innovantes, mais aussi pour la recherche continue de nouveaux produits.<br \/>\nAujourd'hui <strong>Rotalsele S.r.l.<\/strong> est une r\u00e9f\u00e9rence dans le secteur du <strong>souvenir touristique<\/strong> et en tant qu'\u00e9diteur <strong>producteur et importateur de souvenirs<\/strong> elle s'adresse aussi bien aux <a href=\"https:\/\/rotalsele.com\/fr\/prodotti-servizi-grossisti\/\">grossistes<\/a> qu'aux <a href=\"https:\/\/rotalsele.com\/fr\/distribuzione-turistica\/\">d\u00e9taillants<\/a> en adaptant son offre aux deux r\u00e9alit\u00e9s.<br \/>\nNous traitons tous les aspects de la production, de la cr\u00e9ation graphique au produit fini, m\u00eame de <strong>souvenirs personnalis\u00e9s<\/strong> que, gr\u00e2ce \u00e0 nos \u00e9quipements, nous pouvons \u00e9galement fournir en petites quantit\u00e9s.<\/span><\/p>\n<p style=\"text-align: justify;\"><span style=\"font-size: 18pt;\"><br \/>\nNous sommes \u00e9galement directement pr\u00e9sents dans certaines villes italiennes telles que Rome, Venise, Murano, Burano, Milan, Turin et sur l'arc des Dolomites, sur le Lac Majeur et sur la C\u00f4te V\u00e9nitienne avec de nombreux catalogues d\u00e9di\u00e9s. Nous avons \u00e9galement un <strong>personnel de vente<\/strong>, pr\u00eat \u00e0 vous montrer nos <strong>articles touristiques<\/strong> et \u00e0 vous offrir une assistance maximale.<\/span><\/p>\n<p style=\"text-align: justify;\"><span style=\"font-size: 18pt;\"><br \/>\nParall\u00e8lement au monde des souvenirs, <strong>Rotalsele S.r.l.<\/strong>a \u00e9galement abord\u00e9 d'autres domaines de marchandise et de distribution, avec des produits destin\u00e9s au monde de la papeterie et de la grande surface, cr\u00e9ant ainsi la ligne <strong><a href=\"https:\/\/rotalsele.com\/fr\/editaly\/\">Editaly<\/a><\/strong>Parmi les principaux produits : les <strong>collections de <a href=\"https:\/\/rotalsele.com\/fr\/editaly\/\">cartes de v\u0153ux<\/a><\/strong>, de <strong>sachet cadeaux<\/strong> et de nombreux autres articles de papeterie tr\u00e8s attractives.<br \/>\n<\/span><\/p>\n\n\t\t<\/div>\n\t<\/div>\n<div class=\"vc_separator wpb_content_element vc_separator_align_center vc_sep_width_100 vc_sep_pos_align_center vc_separator_no_text vc_sep_color_grey wpb_content_element  wpb_content_element\" ><span class=\"vc_sep_holder vc_sep_holder_l\"><span class=\"vc_sep_line\"><\/span><\/span><span class=\"vc_sep_holder vc_sep_holder_r\"><span class=\"vc_sep_line\"><\/span><\/span>\n<\/div>\t<\/div>\n<\/div><\/div>\t<div  class=\"vc_row wpb_row vc_row-fluid ts-row-wide\"  ><div class=\"wpb_column vc_column_container vc_col-sm-12\">\n\t<div class=\"wpb_wrapper\">\n\t\n\t<div class=\"wpb_text_column wpb_content_element\" >\n\t\t<div class=\"wpb_wrapper\">\n\t\t\t<p style=\"text-align: center;\"><span style=\"font-size: 16pt;\">Si vous souhaitez en savoir plus sur nos produits, remplissez le <a href=\"https:\/\/rotalsele.com\/fr\/contatti\/\">formulaire<\/a> et vous serez contact\u00e9 d\u00e8s que possible<\/span><\/p>\n\n\t\t<\/div>\n\t<\/div>\n\t<\/div>\n<\/div><\/div>\n<\/div>","protected":false},"excerpt":{"rendered":"Chi Siamo Da oltre 50 anni Rotalsele S.r.l. \u00e8 presente sul mercato del souvenir turistico. Nasce come azienda di prestampa e stampa specializzata nella realizzazione di Cartoline, Calendari, Carte da Gioco, Mappe, Guide ed Edizioni Turistiche di ogni genere. Affermatasi sul mercato grazie alla qualit\u00e0 dei prodotti ed alla attenzione verso le necessit\u00e0 della crescente [...]","protected":false},"author":1,"featured_media":0,"parent":0,"menu_order":0,"comment_status":"closed","ping_status":"closed","template":"","meta":{"footnotes":""},"class_list":["post-64","page","type-page","status-publish","hentry"],"aioseo_notices":[],"jetpack_sharing_enabled":true,"_links":{"self":[{"href":"https:\/\/rotalsele.com\/fr\/wp-json\/wp\/v2\/pages\/64","targetHints":{"allow":["GET"]}}],"collection":[{"href":"https:\/\/rotalsele.com\/fr\/wp-json\/wp\/v2\/pages"}],"about":[{"href":"https:\/\/rotalsele.com\/fr\/wp-json\/wp\/v2\/types\/page"}],"author":[{"embeddable":true,"href":"https:\/\/rotalsele.com\/fr\/wp-json\/wp\/v2\/users\/1"}],"replies":[{"embeddable":true,"href":"https:\/\/rotalsele.com\/fr\/wp-json\/wp\/v2\/comments?post=64"}],"version-history":[{"count":0,"href":"https:\/\/rotalsele.com\/fr\/wp-json\/wp\/v2\/pages\/64\/revisions"}],"wp:attachment":[{"href":"https:\/\/rotalsele.com\/fr\/wp-json\/wp\/v2\/media?parent=64"}],"curies":[{"name":"wp","href":"https:\/\/api.w.org\/{rel}","templated":true}]}}